{"id":7,"date":"2025-11-09T15:03:19","date_gmt":"2025-11-09T14:03:19","guid":{"rendered":"http:\/\/namninsamling01:8080\/?page_id=7"},"modified":"2025-11-16T16:56:03","modified_gmt":"2025-11-16T15:56:03","slug":"namninsamling-myggan","status":"publish","type":"page","link":"https:\/\/namninsamling.visionmyggan.se\/","title":{"rendered":"Namninsamling f\u00f6r extrast\u00e4mma"},"content":{"rendered":"        <div class=\"petitioner\">\n                    <div class=\"petitioner__goal\">\n            <div class=\"petitioner__progress\">\n                <div\n                    class=\"petitioner__progress-bar\"\n                    style=\"width: 120% !important\">\n                <\/div>\n            <\/div>\n\n            <div class=\"petitioner__col\">\n                <span class=\"petitioner__num\">108\n<\/span>\n                <span class=\"petitioner__numlabel\">\n                    Signatures                    <small>(120%)<\/small>\n                <\/span>\n            <\/div>\n\n            <div class=\"petitioner__col petitioner__col--end\">\n                <span class=\"petitioner__num\">90\n<\/span>\n                <span class=\"petitioner__numlabel\">Goal<\/span>\n            <\/div>\n\n        <\/div>\n\n        <form\n            id=\"petitioner-form-5\"\n            method=\"get\"\n            action=\"https:\/\/namninsamling.visionmyggan.se\/wp-admin\/admin-ajax.php?action=petitioner_form_submit\">\n\n                    <div\n            id=\"petitioner_legal\"\n            class=\"petitioner_legal petitioner-disclaimer-text\">\n            <h2>V\u00e4lkommen!<br data-start=\"345\" data-end=\"348\">Genom denna namninsamling vill vi samla st\u00f6d f\u00f6r att kalla till en extra f\u00f6reningsst\u00e4mma i v\u00e5r bostadsr\u00e4ttsf\u00f6rening, d\u00e4r de f\u00f6reslagna motionerna kommer att diskuteras.<br data-start=\"396\" data-end=\"399\"><br data-start=\"451\" data-end=\"454\"><a class=\"decorated-link\" title=\"Motioner\" href=\"https:\/\/visionmyggan.se\/#motioner\" data-start=\"456\" data-end=\"506\">Klicka h\u00e4r f\u00f6r att se motionerna<\/a><\/h2>        <\/div>\n            <div class=\"petitioner__input\">\n            <label for=\"petitioner_fname\">\n                F\u00f6rnamn *            <\/label>\n            <input\n                type=\"text\"\n                id=\"petitioner_fname\"\n                required                name=\"petitioner_fname\">\n        <\/div>\n\n            <div class=\"petitioner__input\">\n            <label for=\"petitioner_lname\">\n                Efternamn *            <\/label>\n            <input\n                type=\"text\"\n                id=\"petitioner_lname\"\n                required                name=\"petitioner_lname\">\n        <\/div>\n\n            <div class=\"petitioner__input\">\n            <label for=\"petitioner_email\">\n                E-postadress (ej n\u00f6dv\u00e4ndig)            <\/label>\n            <input\n                type=\"email\"\n                id=\"petitioner_email\"\n                required placeholder=\"din@epost.se\"                name=\"petitioner_email\">\n        <\/div>\n\n            <div class=\"petitioner__input\">\n            <label for=\"petitioner_phone\">\n                Port *            <\/label>\n            <input\n                type=\"tel\"\n                id=\"petitioner_phone\"\n                required                name=\"petitioner_phone\">\n        <\/div>\n\n            <div class=\"petitioner__input petitioner__input--checkbox\">\n            <label for=\"petitioner_accept_tos\">\n                Genom att skriva under denna namninsamling beg\u00e4r jag, i enlighet med principen i lagen om ekonomiska f\u00f6reningar (EFL), att styrelsen kallar till en extra f\u00f6reningsst\u00e4mma f\u00f6r att behandla de motioner som finns publicerade p\u00e5 https:\/\/visionmyggan.se\/#motioner            <\/label>\n            <input\n                type=\"checkbox\"\n                id=\"petitioner_accept_tos\"\n                name=\"petitioner_accept_tos\"\n                 required \/>\n        <\/div>\n            <button type=\"submit\" class=\"petitioner__btn petitioner__btn--submit\">\n            Skriv under        <\/button>\n\n            <input type=\"hidden\" name=\"form_id\" value=\"5\">\n\n                    \n        \n        \n            \n        <\/form>\n                <div class=\"petitioner__response\">\n                <h3><\/h3>\n                <p><\/p>\n            <\/div>\n\n        <\/div>\n    \n\n\n\n<p><\/p>\n","protected":false},"excerpt":{"rendered":"","protected":false},"author":1,"featured_media":0,"parent":0,"menu_order":0,"comment_status":"closed","ping_status":"closed","template":"","meta":{"footnotes":""},"class_list":["post-7","page","type-page","status-publish","hentry"],"_links":{"self":[{"href":"https:\/\/namninsamling.visionmyggan.se\/index.php?rest_route=\/wp\/v2\/pages\/7","targetHints":{"allow":["GET"]}}],"collection":[{"href":"https:\/\/namninsamling.visionmyggan.se\/index.php?rest_route=\/wp\/v2\/pages"}],"about":[{"href":"https:\/\/namninsamling.visionmyggan.se\/index.php?rest_route=\/wp\/v2\/types\/page"}],"author":[{"embeddable":true,"href":"https:\/\/namninsamling.visionmyggan.se\/index.php?rest_route=\/wp\/v2\/users\/1"}],"replies":[{"embeddable":true,"href":"https:\/\/namninsamling.visionmyggan.se\/index.php?rest_route=%2Fwp%2Fv2%2Fcomments&post=7"}],"version-history":[{"count":11,"href":"https:\/\/namninsamling.visionmyggan.se\/index.php?rest_route=\/wp\/v2\/pages\/7\/revisions"}],"predecessor-version":[{"id":30,"href":"https:\/\/namninsamling.visionmyggan.se\/index.php?rest_route=\/wp\/v2\/pages\/7\/revisions\/30"}],"wp:attachment":[{"href":"https:\/\/namninsamling.visionmyggan.se\/index.php?rest_route=%2Fwp%2Fv2%2Fmedia&parent=7"}],"curies":[{"name":"wp","href":"https:\/\/api.w.org\/{rel}","templated":true}]}}